{"id":2,"date":"2011-08-31T20:47:28","date_gmt":"2011-08-31T20:47:28","guid":{"rendered":"http:\/\/www.cerclemartinbuber.ch\/wordpress\/?page_id=2"},"modified":"2023-07-08T12:33:59","modified_gmt":"2023-07-08T12:33:59","slug":"sample-page","status":"publish","type":"page","link":"https:\/\/www.cerclemartinbuber.ch\/wordpress\/?page_id=2","title":{"rendered":"Qui nous sommes"},"content":{"rendered":"<div style=\"text-align: justify;\">Le Cercle Martin Buber (CMB) est convaincu que la paix entre Isra\u00e9liens et Palestiniens d\u00e9pend aussi un peu de nous. Il a d\u2019ailleurs d\u00e9but\u00e9 ses activit\u00e9s \u00e0 Gen\u00e8ve, en 1978 d\u00e9j\u00e0, enthousiasm\u00e9 par le courageux voyage \u00e0 J\u00e9rusalem du pr\u00e9sident \u00e9gyptien Anouar el-Sadate.<\/div>\n<div style=\"text-align: justify;\">\n<p>Attach\u00e9e \u00e0 la tradition juive de la Justice, (Isa\u00efe I, 27), l&#8217;association a choisi le philosophe isra\u00e9lien d\u2019origine autrichienne, Martin Buber, comme symbole de son action et de sa r\u00e9flexion. \u00c9manant de &#8220;l\u2019Association des Amis Suisses de La Paix Maintenant &#8211; Shalom Akhshav&#8221; qui \u00e9tait sa pr\u00e9c\u00e9dente appellation, le Cercle Martin Buber soutient la solution de deux Etats c\u00f4te \u00e0 c\u00f4te et la fin de la colonisation. Le CMB souhaite qu\u2019Isra\u00e9liens et Palestiniens puissent enfin coexister dans la paix et dans la dignit\u00e9 sur cette terre \u00e0 laquelle ils sont attach\u00e9s. Il lutte avec son arme favorite, le dialogue cher \u00e0 l\u2019auteur de <em>Je et Tu, <\/em>pour promouvoir une solution qui sera n\u00e9cessairement n\u00e9goci\u00e9e.<\/p>\n<p><strong>Aujourd\u2019hui, le CMB consacre la partie la plus importante de son activit\u00e9 \u00e0 cr\u00e9er des activit\u00e9s et \u00e9v\u00e8nements culturels en ville de Gen\u00e8ve, de m\u00eame qu&#8217;\u00e0 organiser des conf\u00e9rences acad\u00e9miques \u00e0 l&#8217;Universit\u00e9 de Gen\u00e8ve sur des th\u00e8mes \u00e0 de grands questionnements li\u00e9s au juda\u00efsme dans la modernit\u00e9 et la post-modernit\u00e9, ou li\u00e9s au Moyen-Orient.<\/strong><\/p>\n<p>Dans ce cadre, voit le jour le 27 janvier 2015,<em><strong> le<\/strong><\/em> <em><strong>R\u00e9seau Deuxi\u00e8me G\u00e9n\u00e9ration<\/strong>,<\/em> un espace d&#8217;\u00e9change, de r\u00e9flexion et de cr\u00e9ation in\u00e9dit r\u00e9unissant mensuellement \u00e0 la Communaut\u00e9 Isra\u00e9lite de Gen\u00e8ve des personnes n\u00e9es pendant et apr\u00e8s la Seconde Guerre mondiale, afin de penser leur lien \u00e0 la Shoah et envisager un avenir vivant \u00e0 cette m\u00e9moire.<br \/>\nAvec pour point de d\u00e9part ce petit laboratoire de la conscience historique, une longue enqu\u00eate locale \u00e0 la crois\u00e9e des arts et des sciences sociales a vu le jour autour de la th\u00e9matique de la <strong>m\u00e9moire familiale de la Shoah<\/strong>. Elle fait l&#8217;objet d&#8217;une exposition et du premier<a href=\"https:\/\/www.slatkine.com\/fr\/editions-slatkine\/73808-book-05210948-9782832109489.html\">\u00a0ouvrage de r\u00e9f\u00e9rence<\/a> sur le sujet dans le monde francophone qui, est paru en automne 2019 sous le titre &#8220;Objets transmissionnels &#8211; liens familiaux \u00e0 la Shoah&#8221;.<br \/>\nDes rencontres explorant cette question d&#8217;une richesse insoup\u00e7onn\u00e9e constituent aujourd&#8217;hui une part significative des activit\u00e9s et de l&#8217;offre de l&#8217;association.<\/p>\n<p style=\"text-align: right;\">Ilan LEW &#8211; Pr\u00e9sident du Cercle Martin Buber<\/p>\n<\/div>\n<div style=\"text-align: justify;\">\n<p><a href=\"http:\/\/www.cerclemartinbuber.ch\/wordpress\/wp-content\/uploads\/2011\/08\/picasso-la-colombe-de2a7.jpg\"><img loading=\"lazy\" decoding=\"async\" class=\"aligncenter size-medium wp-image-24 alignleft\" title=\"picasso-la-colombe-de2a7\" src=\"http:\/\/www.cerclemartinbuber.ch\/wordpress\/wp-content\/uploads\/2011\/08\/picasso-la-colombe-de2a7-300x239.jpg\" alt=\"\" width=\"300\" height=\"239\" srcset=\"https:\/\/www.cerclemartinbuber.ch\/wordpress\/wp-content\/uploads\/2011\/08\/picasso-la-colombe-de2a7-300x239.jpg 300w, https:\/\/www.cerclemartinbuber.ch\/wordpress\/wp-content\/uploads\/2011\/08\/picasso-la-colombe-de2a7.jpg 360w\" sizes=\"auto, (max-width: 300px) 100vw, 300px\" \/><\/a><\/p>\n<\/div>\n","protected":false},"excerpt":{"rendered":"<p>Le Cercle Martin Buber (CMB) est convaincu que la paix entre Isra\u00e9liens et Palestiniens d\u00e9pend aussi un peu de nous. Il a d\u2019ailleurs d\u00e9but\u00e9 ses activit\u00e9s \u00e0 Gen\u00e8ve, en 1978 d\u00e9j\u00e0, enthousiasm\u00e9 par le courageux voyage \u00e0 J\u00e9rusalem du pr\u00e9sident &hellip; <a href=\"https:\/\/www.cerclemartinbuber.ch\/wordpress\/?page_id=2\">Continue reading <span class=\"meta-nav\">&rarr;<\/span><\/a><\/p>\n","protected":false},"author":1,"featured_media":0,"parent":0,"menu_order":0,"comment_status":"closed","ping_status":"open","template":"","meta":{"footnotes":""},"class_list":["post-2","page","type-page","status-publish","hentry"],"_links":{"self":[{"href":"https:\/\/www.cerclemartinbuber.ch\/wordpress\/index.php?rest_route=\/wp\/v2\/pages\/2","targetHints":{"allow":["GET"]}}],"collection":[{"href":"https:\/\/www.cerclemartinbuber.ch\/wordpress\/index.php?rest_route=\/wp\/v2\/pages"}],"about":[{"href":"https:\/\/www.cerclemartinbuber.ch\/wordpress\/index.php?rest_route=\/wp\/v2\/types\/page"}],"author":[{"embeddable":true,"href":"https:\/\/www.cerclemartinbuber.ch\/wordpress\/index.php?rest_route=\/wp\/v2\/users\/1"}],"replies":[{"embeddable":true,"href":"https:\/\/www.cerclemartinbuber.ch\/wordpress\/index.php?rest_route=%2Fwp%2Fv2%2Fcomments&post=2"}],"version-history":[{"count":23,"href":"https:\/\/www.cerclemartinbuber.ch\/wordpress\/index.php?rest_route=\/wp\/v2\/pages\/2\/revisions"}],"predecessor-version":[{"id":1284,"href":"https:\/\/www.cerclemartinbuber.ch\/wordpress\/index.php?rest_route=\/wp\/v2\/pages\/2\/revisions\/1284"}],"wp:attachment":[{"href":"https:\/\/www.cerclemartinbuber.ch\/wordpress\/index.php?rest_route=%2Fwp%2Fv2%2Fmedia&parent=2"}],"curies":[{"name":"wp","href":"https:\/\/api.w.org\/{rel}","templated":true}]}}