{"id":12,"date":"2011-08-31T21:20:08","date_gmt":"2011-08-31T21:20:08","guid":{"rendered":"http:\/\/www.cerclemartinbuber.ch\/wordpress\/?page_id=12"},"modified":"2025-01-17T15:37:43","modified_gmt":"2025-01-17T15:37:43","slug":"status","status":"publish","type":"page","link":"https:\/\/www.cerclemartinbuber.ch\/wordpress\/?page_id=12","title":{"rendered":"Statuts"},"content":{"rendered":"\n<p><strong>Statuts du Cercle Martin Buber : <\/strong><br>approuv\u00e9s \u00e0 l&#8217;Assembl\u00e9e G\u00e9n\u00e9rale du 28 novembre 2024 (en version pdf consultable et t\u00e9l\u00e9chargeable).<\/p>\n\n\n\n<div data-wp-interactive=\"core\/file\" class=\"wp-block-file\"><object data-wp-bind--hidden=\"!state.hasPdfPreview\" hidden class=\"wp-block-file__embed\" data=\"https:\/\/www.cerclemartinbuber.ch\/wordpress\/wp-content\/uploads\/2025\/01\/CMB_Statuts-approuves_AG-2024.pdf\" type=\"application\/pdf\" style=\"width:100%;height:690px\" aria-label=\"Embed of CMB_Statuts-approuves_AG-2024.\"><\/object><a id=\"wp-block-file--media-f6517cc3-9813-4d39-8239-997674a27030\" href=\"https:\/\/www.cerclemartinbuber.ch\/wordpress\/wp-content\/uploads\/2025\/01\/CMB_Statuts-approuves_AG-2024.pdf\">CMB_Statuts-approuves_AG-2024<\/a><a href=\"https:\/\/www.cerclemartinbuber.ch\/wordpress\/wp-content\/uploads\/2025\/01\/CMB_Statuts-approuves_AG-2024.pdf\" class=\"wp-block-file__button wp-element-button\" download aria-describedby=\"wp-block-file--media-f6517cc3-9813-4d39-8239-997674a27030\">Download<\/a><\/div>\n","protected":false},"excerpt":{"rendered":"<p>Statuts du Cercle Martin Buber : approuv\u00e9s \u00e0 l&#8217;Assembl\u00e9e G\u00e9n\u00e9rale du 28 novembre 2024 (en version pdf consultable et t\u00e9l\u00e9chargeable).<\/p>\n","protected":false},"author":1,"featured_media":0,"parent":0,"menu_order":3,"comment_status":"closed","ping_status":"open","template":"","meta":{"footnotes":""},"class_list":["post-12","page","type-page","status-publish","hentry"],"_links":{"self":[{"href":"https:\/\/www.cerclemartinbuber.ch\/wordpress\/index.php?rest_route=\/wp\/v2\/pages\/12","targetHints":{"allow":["GET"]}}],"collection":[{"href":"https:\/\/www.cerclemartinbuber.ch\/wordpress\/index.php?rest_route=\/wp\/v2\/pages"}],"about":[{"href":"https:\/\/www.cerclemartinbuber.ch\/wordpress\/index.php?rest_route=\/wp\/v2\/types\/page"}],"author":[{"embeddable":true,"href":"https:\/\/www.cerclemartinbuber.ch\/wordpress\/index.php?rest_route=\/wp\/v2\/users\/1"}],"replies":[{"embeddable":true,"href":"https:\/\/www.cerclemartinbuber.ch\/wordpress\/index.php?rest_route=%2Fwp%2Fv2%2Fcomments&post=12"}],"version-history":[{"count":19,"href":"https:\/\/www.cerclemartinbuber.ch\/wordpress\/index.php?rest_route=\/wp\/v2\/pages\/12\/revisions"}],"predecessor-version":[{"id":1374,"href":"https:\/\/www.cerclemartinbuber.ch\/wordpress\/index.php?rest_route=\/wp\/v2\/pages\/12\/revisions\/1374"}],"wp:attachment":[{"href":"https:\/\/www.cerclemartinbuber.ch\/wordpress\/index.php?rest_route=%2Fwp%2Fv2%2Fmedia&parent=12"}],"curies":[{"name":"wp","href":"https:\/\/api.w.org\/{rel}","templated":true}]}}